{"id":76,"date":"2014-05-27T12:41:08","date_gmt":"2014-05-27T11:41:08","guid":{"rendered":"http:\/\/bossen.eu\/?page_id=76"},"modified":"2014-10-08T16:35:34","modified_gmt":"2014-10-08T15:35:34","slug":"pto-recogida-selectiva","status":"publish","type":"page","link":"http:\/\/bossen.eu\/index.php\/autocompactador\/aplicacion-especial\/pto-recogida-selectiva","title":{"rendered":"PTO Recogida selectiva"},"content":{"rendered":"<p>Existe una gama de auto-compactadores<a href=\"http:\/\/bossen.eu\/wp-content\/uploads\/modelo-l-para-equipo-de-gancho_7.jpg\"><img loading=\"lazy\" decoding=\"async\" class=\"alignleft size-medium wp-image-772\" alt=\"modelo-l-para-equipo-de-gancho_7\" src=\"http:\/\/bossen.eu\/wp-content\/uploads\/modelo-l-para-equipo-de-gancho_7-300x218.jpg\" width=\"300\" height=\"218\" data-id=\"772\" srcset=\"http:\/\/bossen.eu\/wp-content\/uploads\/modelo-l-para-equipo-de-gancho_7-300x218.jpg 300w, http:\/\/bossen.eu\/wp-content\/uploads\/modelo-l-para-equipo-de-gancho_7-200x145.jpg 200w, http:\/\/bossen.eu\/wp-content\/uploads\/modelo-l-para-equipo-de-gancho_7-600x437.jpg 600w, http:\/\/bossen.eu\/wp-content\/uploads\/modelo-l-para-equipo-de-gancho_7.jpg 1020w\" sizes=\"auto, (max-width: 300px) 100vw, 300px\" \/><\/a> que puede ser usados con el sistema hidr\u00e1ulico del cami\u00f3n (PTO) en vez de estar conectado con la red el\u00e9ctrica. Estas m\u00e1quinas se pueden fabricar con la tolva ampliada hasta 3100mm x 2500mm (!) para vaciar hasta el contenedor selectivo m\u00e1s grande sin problema ninguna. Opcionalmente se puede montar un volteador lateral o trasera. De esta forma el mismo cami\u00f3n portacontenedor con equipo de gancho puede hacer la funci\u00f3n de cami\u00f3n recolector. Los avisos de llenado etc. se mantienen igual.<\/p>\n<p>El cami\u00f3n tiene que estar preparado con 2 tomas de aceite (presi\u00f3n y retorno) y una toma de alimentaci\u00f3n el\u00e9ctrica de 24V. Cualquier adaptaci\u00f3n personal es posible!<\/p>\n<h3>Datos t\u00e9cnicos:<\/h3>\n<table class=\" zebra\">\n<tbody>\n<tr>\n<th>DESCRIPCI\u00d3N<\/th>\n<th>UNIDAD<\/th>\n<th>CANTIDAD<\/th>\n<\/tr>\n<tr>\n<td><b>C\u00e1mara de compactaci\u00f3n<\/b><\/td>\n<td><\/td>\n<td><\/td>\n<\/tr>\n<tr>\n<td>Ancho\u00a0x longitud en la parte arriba<\/td>\n<td>mm<\/td>\n<td>2500 x 3100<\/td>\n<\/tr>\n<tr>\n<td>Dimensi\u00f3n c\u00e1mara en la parte inferior Ancho x longitud<\/td>\n<td>mm<\/td>\n<td>1870 x 1500<\/td>\n<\/tr>\n<tr>\n<td>Altura de la prensa<\/td>\n<td>mm<\/td>\n<td>600<\/td>\n<\/tr>\n<tr>\n<td>Altura de tolva<\/td>\n<td>mm<\/td>\n<td>1460<\/td>\n<\/tr>\n<tr>\n<td>Fuerza de compactaci\u00f3n<\/td>\n<td>kN<\/td>\n<td>320<\/td>\n<\/tr>\n<tr>\n<td>Volumen de compactaci\u00f3n<\/td>\n<td>m\u00b3<\/td>\n<td>1,71<\/td>\n<\/tr>\n<tr>\n<td>Capacidad te\u00f3rica max.(en funci\u00f3n de la bomba del cami\u00f3n)<\/td>\n<td>m\u00b3\/h<\/td>\n<td>200<\/td>\n<\/tr>\n<tr>\n<td>Duraci\u00f3n del ciclo min.<\/td>\n<td>Seg.<\/td>\n<td>30<\/td>\n<\/tr>\n<tr>\n<td><b>Sistema el\u00e9ctrico<\/b><\/td>\n<td><\/td>\n<td><\/td>\n<\/tr>\n<tr>\n<td>Potencia<\/td>\n<td>cami\u00f3n<\/td>\n<td><\/td>\n<\/tr>\n<tr>\n<td>Tensi\u00f3n el\u00e9ctrica.<\/td>\n<td>V<\/td>\n<td>1 x 24V<\/td>\n<\/tr>\n<tr>\n<td><b>Sistema hidr\u00e1ulico<\/b><\/td>\n<td><\/td>\n<td><\/td>\n<\/tr>\n<tr>\n<td>Conexi\u00f3n de alta presi\u00f3n<\/td>\n<td>\u201c<\/td>\n<td>3\/4<\/td>\n<\/tr>\n<tr>\n<td>Conexi\u00f3n de retorno<\/td>\n<td>\u201c<\/td>\n<td>1<\/td>\n<\/tr>\n<tr>\n<td>Filtro de entrada de alta presi\u00f3n<\/td>\n<td>SI<\/td>\n<td>25\u00b5<\/td>\n<\/tr>\n<tr>\n<td>V\u00e1lvula de max. caudal<\/td>\n<td>L\/min<\/td>\n<td>40<\/td>\n<\/tr>\n<tr>\n<td>Presi\u00f3n Max. de trabajo<\/td>\n<td>bar<\/td>\n<td>200<\/td>\n<\/tr>\n<tr>\n<td>Caudal de la bomba max.<\/td>\n<td>Ltr\/min<\/td>\n<td>45<\/td>\n<\/tr>\n<tr>\n<td>Cilindros hidr\u00e1ulicos (2x)<\/td>\n<td>mm<\/td>\n<td>\u00d8100x\u00f870&#215;1244<\/td>\n<\/tr>\n<tr>\n<td><b>Contenedor<\/b><\/td>\n<td><\/td>\n<td><\/td>\n<\/tr>\n<tr>\n<td>Capacidad del contenedor<\/td>\n<td>m\u00b3<\/td>\n<td>S\/V<\/td>\n<\/tr>\n<tr>\n<td>Longitud total L<sub>max<\/sub> (incluidos ganchos)<\/td>\n<td>mm<\/td>\n<td>S\/V<\/td>\n<\/tr>\n<tr>\n<td>Altura total<\/td>\n<td>mm<\/td>\n<td>2560<\/td>\n<\/tr>\n<tr>\n<td>Anchura total<\/td>\n<td>mm<\/td>\n<td>2550<\/td>\n<\/tr>\n<tr>\n<td>Peso total<\/td>\n<td>kgs<\/td>\n<td>S\/V<\/td>\n<\/tr>\n<tr>\n<td><b>Nivel sonoro<\/b> (seg\u00fan norma EN DIN 45635)<\/td>\n<td><\/td>\n<td><\/td>\n<\/tr>\n<tr>\n<td>En vac\u00edo 1 m \/ 7m<\/td>\n<td>dB (A)<\/td>\n<td>camion<\/td>\n<\/tr>\n<tr>\n<td>Maquina llena 1m \/ 7m<\/td>\n<td>dB (A)<\/td>\n<td>camion<\/td>\n<\/tr>\n<\/tbody>\n<\/table>\n<h3>Im\u00e1genes:<\/h3>\n<p><a href=\"http:\/\/bossen.eu\/wp-content\/uploads\/pto-recogida-selectiva_1.jpg\"><img loading=\"lazy\" decoding=\"async\" class=\"alignnone size-thumbnail wp-image-372\" alt=\"pto-recogida-selectiva_1\" src=\"http:\/\/bossen.eu\/wp-content\/uploads\/pto-recogida-selectiva_1-200x150.jpg\" width=\"200\" height=\"150\" data-id=\"372\" srcset=\"http:\/\/bossen.eu\/wp-content\/uploads\/pto-recogida-selectiva_1-200x150.jpg 200w, http:\/\/bossen.eu\/wp-content\/uploads\/pto-recogida-selectiva_1-300x225.jpg 300w, http:\/\/bossen.eu\/wp-content\/uploads\/pto-recogida-selectiva_1-600x450.jpg 600w, http:\/\/bossen.eu\/wp-content\/uploads\/pto-recogida-selectiva_1.jpg 1024w\" sizes=\"auto, (max-width: 200px) 100vw, 200px\" \/><\/a> <a href=\"http:\/\/bossen.eu\/wp-content\/uploads\/pto-recogida-selectiva_3.jpg\"><img loading=\"lazy\" decoding=\"async\" class=\"alignnone size-thumbnail wp-image-374\" alt=\"pto-recogida-selectiva_3\" src=\"http:\/\/bossen.eu\/wp-content\/uploads\/pto-recogida-selectiva_3-200x112.jpg\" width=\"200\" height=\"112\" data-id=\"374\" srcset=\"http:\/\/bossen.eu\/wp-content\/uploads\/pto-recogida-selectiva_3-200x112.jpg 200w, http:\/\/bossen.eu\/wp-content\/uploads\/pto-recogida-selectiva_3-300x168.jpg 300w, http:\/\/bossen.eu\/wp-content\/uploads\/pto-recogida-selectiva_3-600x337.jpg 600w, http:\/\/bossen.eu\/wp-content\/uploads\/pto-recogida-selectiva_3.jpg 1024w\" sizes=\"auto, (max-width: 200px) 100vw, 200px\" \/><\/a> <a href=\"http:\/\/bossen.eu\/wp-content\/uploads\/autocompactador-recogida-selectiva-31.jpg\"><img loading=\"lazy\" decoding=\"async\" class=\"alignnone size-thumbnail wp-image-775\" alt=\"autocompactador-recogida-selectiva-3\" src=\"http:\/\/bossen.eu\/wp-content\/uploads\/autocompactador-recogida-selectiva-31-200x122.jpg\" width=\"200\" height=\"122\" data-id=\"775\" srcset=\"http:\/\/bossen.eu\/wp-content\/uploads\/autocompactador-recogida-selectiva-31-200x122.jpg 200w, http:\/\/bossen.eu\/wp-content\/uploads\/autocompactador-recogida-selectiva-31-300x183.jpg 300w, http:\/\/bossen.eu\/wp-content\/uploads\/autocompactador-recogida-selectiva-31-600x366.jpg 600w, http:\/\/bossen.eu\/wp-content\/uploads\/autocompactador-recogida-selectiva-31.jpg 1024w\" sizes=\"auto, (max-width: 200px) 100vw, 200px\" \/><\/a><a href=\"http:\/\/bossen.eu\/wp-content\/uploads\/pto-recogida-selectiva_2.jpg\"><img loading=\"lazy\" decoding=\"async\" class=\"alignnone size-thumbnail wp-image-373\" alt=\"pto-recogida-selectiva_2\" src=\"http:\/\/bossen.eu\/wp-content\/uploads\/pto-recogida-selectiva_2-200x112.jpg\" width=\"200\" height=\"112\" data-id=\"373\" srcset=\"http:\/\/bossen.eu\/wp-content\/uploads\/pto-recogida-selectiva_2-200x112.jpg 200w, http:\/\/bossen.eu\/wp-content\/uploads\/pto-recogida-selectiva_2-300x168.jpg 300w, http:\/\/bossen.eu\/wp-content\/uploads\/pto-recogida-selectiva_2-600x337.jpg 600w, http:\/\/bossen.eu\/wp-content\/uploads\/pto-recogida-selectiva_2.jpg 1024w\" sizes=\"auto, (max-width: 200px) 100vw, 200px\" \/><\/a> <a href=\"http:\/\/bossen.eu\/wp-content\/uploads\/pto-recogida-selectiva_5.jpg\"><img loading=\"lazy\" decoding=\"async\" class=\"alignnone size-thumbnail wp-image-376\" alt=\"pto-recogida-selectiva_5\" src=\"http:\/\/bossen.eu\/wp-content\/uploads\/pto-recogida-selectiva_5-200x112.jpg\" width=\"200\" height=\"112\" data-id=\"376\" srcset=\"http:\/\/bossen.eu\/wp-content\/uploads\/pto-recogida-selectiva_5-200x112.jpg 200w, http:\/\/bossen.eu\/wp-content\/uploads\/pto-recogida-selectiva_5-300x168.jpg 300w, http:\/\/bossen.eu\/wp-content\/uploads\/pto-recogida-selectiva_5-600x337.jpg 600w, http:\/\/bossen.eu\/wp-content\/uploads\/pto-recogida-selectiva_5.jpg 1024w\" sizes=\"auto, (max-width: 200px) 100vw, 200px\" \/><\/a><\/p>\n<h3>Esquemas:<\/h3>\n<p><a href=\"http:\/\/bossen.eu\/wp-content\/uploads\/L-18-PTO-recogida-selectiva-cargador-lateral.jpg\"><img loading=\"lazy\" decoding=\"async\" class=\"alignnone size-thumbnail wp-image-378\" alt=\"L-18-PTO-recogida-selectiva-cargador-lateral\" src=\"http:\/\/bossen.eu\/wp-content\/uploads\/L-18-PTO-recogida-selectiva-cargador-lateral-200x137.jpg\" width=\"200\" height=\"137\" data-id=\"378\" srcset=\"http:\/\/bossen.eu\/wp-content\/uploads\/L-18-PTO-recogida-selectiva-cargador-lateral-200x137.jpg 200w, http:\/\/bossen.eu\/wp-content\/uploads\/L-18-PTO-recogida-selectiva-cargador-lateral-300x206.jpg 300w, http:\/\/bossen.eu\/wp-content\/uploads\/L-18-PTO-recogida-selectiva-cargador-lateral-600x413.jpg 600w, http:\/\/bossen.eu\/wp-content\/uploads\/L-18-PTO-recogida-selectiva-cargador-lateral.jpg 1024w\" sizes=\"auto, (max-width: 200px) 100vw, 200px\" \/><\/a> <a href=\"http:\/\/bossen.eu\/wp-content\/uploads\/L-PTO-Recogida-selectiva-tolva-3100-puerta-hidraulica.jpg\"><img loading=\"lazy\" decoding=\"async\" class=\"alignnone size-thumbnail wp-image-377\" alt=\"L-PTO-Recogida-selectiva-tolva-3100-puerta-hidraulica\" src=\"http:\/\/bossen.eu\/wp-content\/uploads\/L-PTO-Recogida-selectiva-tolva-3100-puerta-hidraulica-200x137.jpg\" width=\"200\" height=\"137\" data-id=\"377\" srcset=\"http:\/\/bossen.eu\/wp-content\/uploads\/L-PTO-Recogida-selectiva-tolva-3100-puerta-hidraulica-200x137.jpg 200w, http:\/\/bossen.eu\/wp-content\/uploads\/L-PTO-Recogida-selectiva-tolva-3100-puerta-hidraulica-300x206.jpg 300w, http:\/\/bossen.eu\/wp-content\/uploads\/L-PTO-Recogida-selectiva-tolva-3100-puerta-hidraulica-600x413.jpg 600w, http:\/\/bossen.eu\/wp-content\/uploads\/L-PTO-Recogida-selectiva-tolva-3100-puerta-hidraulica.jpg 1024w\" sizes=\"auto, (max-width: 200px) 100vw, 200px\" \/><\/a><\/p>\n","protected":false},"excerpt":{"rendered":"<p>Existe una gama de auto-compactadores que puede ser usados con el sistema hidr\u00e1ulico del cami\u00f3n (PTO) en vez de estar conectado con la red el\u00e9ctrica. Estas m\u00e1quinas se pueden fabricar con la tolva ampliada hasta 3100mm x 2500mm (!) para vaciar hasta el contenedor selectivo m\u00e1s grande sin problema ninguna.<\/p>\n","protected":false},"author":1,"featured_media":372,"parent":74,"menu_order":0,"comment_status":"closed","ping_status":"closed","template":"","meta":{"_monsterinsights_skip_tracking":false,"_monsterinsights_sitenote_active":false,"_monsterinsights_sitenote_note":"","_monsterinsights_sitenote_category":0,"footnotes":""},"class_list":["post-76","page","type-page","status-publish","has-post-thumbnail","hentry"],"aioseo_notices":[],"_links":{"self":[{"href":"http:\/\/bossen.eu\/index.php\/wp-json\/wp\/v2\/pages\/76","targetHints":{"allow":["GET"]}}],"collection":[{"href":"http:\/\/bossen.eu\/index.php\/wp-json\/wp\/v2\/pages"}],"about":[{"href":"http:\/\/bossen.eu\/index.php\/wp-json\/wp\/v2\/types\/page"}],"author":[{"embeddable":true,"href":"http:\/\/bossen.eu\/index.php\/wp-json\/wp\/v2\/users\/1"}],"replies":[{"embeddable":true,"href":"http:\/\/bossen.eu\/index.php\/wp-json\/wp\/v2\/comments?post=76"}],"version-history":[{"count":3,"href":"http:\/\/bossen.eu\/index.php\/wp-json\/wp\/v2\/pages\/76\/revisions"}],"predecessor-version":[{"id":777,"href":"http:\/\/bossen.eu\/index.php\/wp-json\/wp\/v2\/pages\/76\/revisions\/777"}],"up":[{"embeddable":true,"href":"http:\/\/bossen.eu\/index.php\/wp-json\/wp\/v2\/pages\/74"}],"wp:featuredmedia":[{"embeddable":true,"href":"http:\/\/bossen.eu\/index.php\/wp-json\/wp\/v2\/media\/372"}],"wp:attachment":[{"href":"http:\/\/bossen.eu\/index.php\/wp-json\/wp\/v2\/media?parent=76"}],"curies":[{"name":"wp","href":"https:\/\/api.w.org\/{rel}","templated":true}]}}